{"id":5364,"date":"2022-11-14T18:17:33","date_gmt":"2022-11-14T16:17:33","guid":{"rendered":"https:\/\/ukraine.hia.hu\/?page_id=5364"},"modified":"2022-12-05T16:31:04","modified_gmt":"2022-12-05T14:31:04","slug":"segitseg-beregszasz","status":"publish","type":"page","link":"https:\/\/ukraine.hia.hu\/hu\/segitseg-beregszasz\/","title":{"rendered":"Beregsz\u00e1sz &#8211; az \u00d6kumenikus Seg\u00e9lyszervezet Ukrajnai Kirendelts\u00e9ge\u200b"},"content":{"rendered":"\t\t<div data-elementor-type=\"wp-page\" data-elementor-id=\"5364\" class=\"elementor elementor-5364\">\n\t\t\t\t\t\t<section class=\"elementor-section elementor-top-section elementor-element elementor-element-0cd74b1 elementor-section-boxed elementor-section-height-default elementor-section-height-default\" data-id=\"0cd74b1\" data-element_type=\"section\">\n\t\t\t\t\t\t<div class=\"elementor-container elementor-column-gap-default\">\n\t\t\t\t\t<div class=\"elementor-column elementor-col-100 elementor-top-column elementor-element elementor-element-bb258a7\" data-id=\"bb258a7\" data-element_type=\"column\">\n\t\t\t<div class=\"elementor-widget-wrap elementor-element-populated\">\n\t\t\t\t\t\t<div class=\"elementor-element elementor-element-49b1f42 elementor-widget elementor-widget-heading\" data-id=\"49b1f42\" data-element_type=\"widget\" data-widget_type=\"heading.default\">\n\t\t\t\t<div class=\"elementor-widget-container\">\n\t\t\t<style>\/*! elementor - v3.20.0 - 13-03-2024 *\/\n.elementor-heading-title{padding:0;margin:0;line-height:1}.elementor-widget-heading .elementor-heading-title[class*=elementor-size-]>a{color:inherit;font-size:inherit;line-height:inherit}.elementor-widget-heading .elementor-heading-title.elementor-size-small{font-size:15px}.elementor-widget-heading .elementor-heading-title.elementor-size-medium{font-size:19px}.elementor-widget-heading .elementor-heading-title.elementor-size-large{font-size:29px}.elementor-widget-heading .elementor-heading-title.elementor-size-xl{font-size:39px}.elementor-widget-heading .elementor-heading-title.elementor-size-xxl{font-size:59px}<\/style><h2 class=\"elementor-heading-title elementor-size-default\">Beregsz\u00e1sz - az \u00d6kumenikus Seg\u00e9lyszervezet Ukrajnai Kirendelts\u00e9ge\u200b<\/h2>\t\t<\/div>\n\t\t\t\t<\/div>\n\t\t\t\t\t<\/div>\n\t\t<\/div>\n\t\t\t\t\t<\/div>\n\t\t<\/section>\n\t\t\t\t<section class=\"elementor-section elementor-top-section elementor-element elementor-element-1bcc9a5 elementor-section-boxed elementor-section-height-default elementor-section-height-default\" data-id=\"1bcc9a5\" data-element_type=\"section\">\n\t\t\t\t\t\t<div class=\"elementor-container elementor-column-gap-default\">\n\t\t\t\t\t<div class=\"elementor-column elementor-col-100 elementor-top-column elementor-element elementor-element-7e4a43d\" data-id=\"7e4a43d\" data-element_type=\"column\">\n\t\t\t<div class=\"elementor-widget-wrap elementor-element-populated\">\n\t\t\t\t\t\t<div class=\"elementor-element elementor-element-076083f elementor-widget elementor-widget-text-editor\" data-id=\"076083f\" data-element_type=\"widget\" data-widget_type=\"text-editor.default\">\n\t\t\t\t<div class=\"elementor-widget-container\">\n\t\t\t<style>\/*! elementor - v3.20.0 - 13-03-2024 *\/\n.elementor-widget-text-editor.elementor-drop-cap-view-stacked .elementor-drop-cap{background-color:#69727d;color:#fff}.elementor-widget-text-editor.elementor-drop-cap-view-framed .elementor-drop-cap{color:#69727d;border:3px solid;background-color:transparent}.elementor-widget-text-editor:not(.elementor-drop-cap-view-default) .elementor-drop-cap{margin-top:8px}.elementor-widget-text-editor:not(.elementor-drop-cap-view-default) .elementor-drop-cap-letter{width:1em;height:1em}.elementor-widget-text-editor .elementor-drop-cap{float:left;text-align:center;line-height:1;font-size:50px}.elementor-widget-text-editor .elementor-drop-cap-letter{display:inline-block}<\/style>\t\t\t\t<p>Beregsz\u00e1szi irod\u00e1nk els\u0151sorban a k\u00e1rp\u00e1taljai bels\u0151 menek\u00fcltek ell\u00e1t\u00e1s\u00e1ban v\u00e1llal szerepet. Munkat\u00e1rsaink az al\u00e1bbi k\u00e9rd\u00e9sk\u00f6r\u00f6kben tudnak seg\u00edteni:<\/p>\n<ul type=\"disc\">\n<li style=\"color: black; background-image: initial; background-position: initial; background-size: initial; background-repeat: initial; background-attachment: initial; background-origin: initial; background-clip: initial;\"><span style=\"font-size: 12.0pt; mso-fareast-font-family: 'Times New Roman';\">jogi- \u00e9s szoci\u00e1lis tan\u00e1csad\u00e1s,<\/span><\/li>\n<li style=\"color: black; background-image: initial; background-position: initial; background-size: initial; background-repeat: initial; background-attachment: initial; background-origin: initial; background-clip: initial;\"><span style=\"font-size: 12.0pt; mso-fareast-font-family: 'Times New Roman';\">term\u00e9szetbeni adom\u00e1nyok (\u00e9lelmiszer, tiszt\u00edt\u00f3szer, ruhanem\u0171) a menek\u00fcltsz\u00e1ll\u00f3kon \u00e9l\u0151 bels\u0151 menek\u00fcltek r\u00e9sz\u00e9re,<\/span><\/li>\n<li style=\"color: black; background-image: initial; background-position: initial; background-size: initial; background-repeat: initial; background-attachment: initial; background-origin: initial; background-clip: initial;\"><span style=\"font-size: 12.0pt; mso-fareast-font-family: 'Times New Roman';\">Beregsz\u00e1szon \u00e9s a beregsz\u00e1szi kist\u00e9rs\u00e9gben gyermekfejleszt\u0151 foglalkoz\u00e1sok szervez\u00e9se,<\/span><\/li>\n<li style=\"color: black; background-image: initial; background-position: initial; background-size: initial; background-repeat: initial; background-attachment: initial; background-origin: initial; background-clip: initial;\"><span style=\"font-size: 12.0pt; mso-fareast-font-family: 'Times New Roman';\">t\u0171zifa t\u00e1mogat\u00e1s K\u00e1rp\u00e1talja megy\u00e9ben<\/span><\/li>\n<\/ul>\n<div><strong>Kapcsolat<\/strong>:<\/div>\n<div>eva.gerevics@hia.hu<\/div>\t\t\t\t\t\t<\/div>\n\t\t\t\t<\/div>\n\t\t\t\t\t<\/div>\n\t\t<\/div>\n\t\t\t\t\t<\/div>\n\t\t<\/section>\n\t\t\t\t<section class=\"elementor-section elementor-top-section elementor-element elementor-element-1c33920 elementor-section-boxed elementor-section-height-default elementor-section-height-default\" data-id=\"1c33920\" data-element_type=\"section\">\n\t\t\t\t\t\t<div class=\"elementor-container elementor-column-gap-default\">\n\t\t\t\t\t<div class=\"elementor-column elementor-col-100 elementor-top-column elementor-element elementor-element-b9bbf37\" data-id=\"b9bbf37\" data-element_type=\"column\">\n\t\t\t<div class=\"elementor-widget-wrap elementor-element-populated\">\n\t\t\t\t\t\t<section class=\"elementor-section elementor-inner-section elementor-element elementor-element-944a383 elementor-section-boxed elementor-section-height-default elementor-section-height-default\" data-id=\"944a383\" data-element_type=\"section\">\n\t\t\t\t\t\t<div class=\"elementor-container elementor-column-gap-default\">\n\t\t\t\t\t<div class=\"elementor-column elementor-col-50 elementor-inner-column elementor-element elementor-element-f326c0a\" data-id=\"f326c0a\" data-element_type=\"column\">\n\t\t\t<div class=\"elementor-widget-wrap elementor-element-populated\">\n\t\t\t\t\t\t<div class=\"elementor-element elementor-element-022583e elementor-widget elementor-widget-image\" data-id=\"022583e\" data-element_type=\"widget\" data-widget_type=\"image.default\">\n\t\t\t\t<div class=\"elementor-widget-container\">\n\t\t\t<style>\/*! elementor - v3.20.0 - 13-03-2024 *\/\n.elementor-widget-image{text-align:center}.elementor-widget-image a{display:inline-block}.elementor-widget-image a img[src$=\".svg\"]{width:48px}.elementor-widget-image img{vertical-align:middle;display:inline-block}<\/style>\t\t\t\t\t\t\t\t\t\t<img fetchpriority=\"high\" decoding=\"async\" width=\"1024\" height=\"768\" src=\"https:\/\/ukraine.hia.hu\/wp-content\/uploads\/tinywow_IMG_2046_7810116-1024x768.jpg\" class=\"attachment-large size-large wp-image-5366\" alt=\"\" srcset=\"https:\/\/ukraine.hia.hu\/wp-content\/uploads\/tinywow_IMG_2046_7810116-1024x768.jpg 1024w, https:\/\/ukraine.hia.hu\/wp-content\/uploads\/tinywow_IMG_2046_7810116-300x225.jpg 300w, https:\/\/ukraine.hia.hu\/wp-content\/uploads\/tinywow_IMG_2046_7810116-768x576.jpg 768w, https:\/\/ukraine.hia.hu\/wp-content\/uploads\/tinywow_IMG_2046_7810116-1536x1152.jpg 1536w, https:\/\/ukraine.hia.hu\/wp-content\/uploads\/tinywow_IMG_2046_7810116-2048x1536.jpg 2048w\" sizes=\"(max-width: 1024px) 100vw, 1024px\" \/>\t\t\t\t\t\t\t\t\t\t\t\t\t<\/div>\n\t\t\t\t<\/div>\n\t\t\t\t\t<\/div>\n\t\t<\/div>\n\t\t\t\t<div class=\"elementor-column elementor-col-50 elementor-inner-column elementor-element elementor-element-e3a3d50\" data-id=\"e3a3d50\" data-element_type=\"column\">\n\t\t\t<div class=\"elementor-widget-wrap elementor-element-populated\">\n\t\t\t\t\t\t<div class=\"elementor-element elementor-element-d2d142a elementor-widget elementor-widget-html\" data-id=\"d2d142a\" data-element_type=\"widget\" data-widget_type=\"html.default\">\n\t\t\t\t<div class=\"elementor-widget-container\">\n\t\t\t<iframe src=\"https:\/\/www.google.com\/maps\/embed?pb=!1m18!1m12!1m3!1d2659.104063170277!2d22.63968641594744!3d48.20461147922887!2m3!1f0!2f0!3f0!3m2!1i1024!2i768!4f13.1!3m3!1m2!1s0x47385ad68e728f27%3A0xe23d5dc549db47b0!2sVulytsya%20Bohdana%20Khmel%CA%B9nyts%CA%B9koho%2C%2017%2C%20Berehove%2C%20Zakarpats&#39;ka%20oblast%2C%20Ukraine%2C%2090201!5e0!3m2!1sen!2shu!4v1668442492100!5m2!1sen!2shu\" width=\"600\" height=\"450\" style=\"border:0;\" allowfullscreen=\"\" loading=\"lazy\" referrerpolicy=\"no-referrer-when-downgrade\"><\/iframe>\t\t<\/div>\n\t\t\t\t<\/div>\n\t\t\t\t\t<\/div>\n\t\t<\/div>\n\t\t\t\t\t<\/div>\n\t\t<\/section>\n\t\t\t\t\t<\/div>\n\t\t<\/div>\n\t\t\t\t\t<\/div>\n\t\t<\/section>\n\t\t\t\t<\/div>\n\t\t","protected":false},"excerpt":{"rendered":"<p>Beregsz\u00e1sz &#8211; az \u00d6kumenikus Seg\u00e9lyszervezet Ukrajnai Kirendelts\u00e9ge\u200b Beregsz\u00e1szi irod\u00e1nk els\u0151sorban a k\u00e1rp\u00e1taljai bels\u0151 menek\u00fcltek ell\u00e1t\u00e1s\u00e1ban v\u00e1llal szerepet. Munkat\u00e1rsaink az al\u00e1bbi k\u00e9rd\u00e9sk\u00f6r\u00f6kben tudnak seg\u00edteni: jogi- \u00e9s szoci\u00e1lis tan\u00e1csad\u00e1s, term\u00e9szetbeni adom\u00e1nyok (\u00e9lelmiszer, tiszt\u00edt\u00f3szer, ruhanem\u0171) a menek\u00fcltsz\u00e1ll\u00f3kon \u00e9l\u0151 bels\u0151 menek\u00fcltek r\u00e9sz\u00e9re, Beregsz\u00e1szon \u00e9s a beregsz\u00e1szi kist\u00e9rs\u00e9gben gyermekfejleszt\u0151 foglalkoz\u00e1sok szervez\u00e9se, t\u0171zifa t\u00e1mogat\u00e1s K\u00e1rp\u00e1talja megy\u00e9ben Kapcsolat: eva.gerevics@hia.hu<\/p>\n","protected":false},"author":1,"featured_media":0,"parent":0,"menu_order":0,"comment_status":"closed","ping_status":"closed","template":"","meta":{"_acf_changed":false,"_kad_post_transparent":"default","_kad_post_title":"hide","_kad_post_layout":"fullwidth","_kad_post_sidebar_id":"","_kad_post_content_style":"unboxed","_kad_post_vertical_padding":"hide","_kad_post_feature":"hide","_kad_post_feature_position":"","_kad_post_header":false,"_kad_post_footer":false,"footnotes":"","_wp_rev_ctl_limit":""},"acf":[],"yoast_head":"<!-- This site is optimized with the Yoast SEO plugin v22.2 - https:\/\/yoast.com\/wordpress\/plugins\/seo\/ -->\n<title>Beregsz\u00e1sz - az \u00d6kumenikus Seg\u00e9lyszervezet Ukrajnai Kirendelts\u00e9ge\u200b | Az \u00d6kumenikus Seg\u00e9lyszervezet Ukrajn\u00e1ban<\/title>\n<meta name=\"robots\" content=\"index, follow, max-snippet:-1, max-image-preview:large, max-video-preview:-1\" \/>\n<link rel=\"canonical\" href=\"https:\/\/ukraine.hia.hu\/hu\/segitseg-beregszasz\/\" \/>\n<meta property=\"og:locale\" content=\"hu_HU\" \/>\n<meta property=\"og:type\" content=\"article\" \/>\n<meta property=\"og:title\" content=\"Beregsz\u00e1sz - az \u00d6kumenikus Seg\u00e9lyszervezet Ukrajnai Kirendelts\u00e9ge\u200b | Az \u00d6kumenikus Seg\u00e9lyszervezet Ukrajn\u00e1ban\" \/>\n<meta property=\"og:description\" content=\"Beregsz\u00e1sz &#8211; az \u00d6kumenikus Seg\u00e9lyszervezet Ukrajnai Kirendelts\u00e9ge\u200b Beregsz\u00e1szi irod\u00e1nk els\u0151sorban a k\u00e1rp\u00e1taljai bels\u0151 menek\u00fcltek ell\u00e1t\u00e1s\u00e1ban v\u00e1llal szerepet. Munkat\u00e1rsaink az al\u00e1bbi k\u00e9rd\u00e9sk\u00f6r\u00f6kben tudnak seg\u00edteni: jogi- \u00e9s szoci\u00e1lis tan\u00e1csad\u00e1s, term\u00e9szetbeni adom\u00e1nyok (\u00e9lelmiszer, tiszt\u00edt\u00f3szer, ruhanem\u0171) a menek\u00fcltsz\u00e1ll\u00f3kon \u00e9l\u0151 bels\u0151 menek\u00fcltek r\u00e9sz\u00e9re, Beregsz\u00e1szon \u00e9s a beregsz\u00e1szi kist\u00e9rs\u00e9gben gyermekfejleszt\u0151 foglalkoz\u00e1sok szervez\u00e9se, t\u0171zifa t\u00e1mogat\u00e1s K\u00e1rp\u00e1talja megy\u00e9ben Kapcsolat: eva.gerevics@hia.hu\" \/>\n<meta property=\"og:url\" content=\"https:\/\/ukraine.hia.hu\/hu\/segitseg-beregszasz\/\" \/>\n<meta property=\"og:site_name\" content=\"Az \u00d6kumenikus Seg\u00e9lyszervezet Ukrajn\u00e1ban\" \/>\n<meta property=\"article:modified_time\" content=\"2022-12-05T14:31:04+00:00\" \/>\n<meta property=\"og:image\" content=\"https:\/\/ukraine.hia.hu\/wp-content\/uploads\/tinywow_IMG_2046_7810116-1024x768.jpg\" \/>\n<meta name=\"twitter:card\" content=\"summary_large_image\" \/>\n<meta name=\"twitter:label1\" content=\"Becs\u00fclt olvas\u00e1si id\u0151\" \/>\n\t<meta name=\"twitter:data1\" content=\"1 perc\" \/>\n<script type=\"application\/ld+json\" class=\"yoast-schema-graph\">{\"@context\":\"https:\/\/schema.org\",\"@graph\":[{\"@type\":\"WebPage\",\"@id\":\"https:\/\/ukraine.hia.hu\/hu\/segitseg-beregszasz\/\",\"url\":\"https:\/\/ukraine.hia.hu\/hu\/segitseg-beregszasz\/\",\"name\":\"Beregsz\u00e1sz - az \u00d6kumenikus Seg\u00e9lyszervezet Ukrajnai Kirendelts\u00e9ge\u200b | Az \u00d6kumenikus Seg\u00e9lyszervezet Ukrajn\u00e1ban\",\"isPartOf\":{\"@id\":\"https:\/\/ukraine.hia.hu\/hu\/#website\"},\"primaryImageOfPage\":{\"@id\":\"https:\/\/ukraine.hia.hu\/hu\/segitseg-beregszasz\/#primaryimage\"},\"image\":{\"@id\":\"https:\/\/ukraine.hia.hu\/hu\/segitseg-beregszasz\/#primaryimage\"},\"thumbnailUrl\":\"https:\/\/ukraine.hia.hu\/wp-content\/uploads\/tinywow_IMG_2046_7810116-1024x768.jpg\",\"datePublished\":\"2022-11-14T16:17:33+00:00\",\"dateModified\":\"2022-12-05T14:31:04+00:00\",\"breadcrumb\":{\"@id\":\"https:\/\/ukraine.hia.hu\/hu\/segitseg-beregszasz\/#breadcrumb\"},\"inLanguage\":\"hu\",\"potentialAction\":[{\"@type\":\"ReadAction\",\"target\":[\"https:\/\/ukraine.hia.hu\/hu\/segitseg-beregszasz\/\"]}]},{\"@type\":\"ImageObject\",\"inLanguage\":\"hu\",\"@id\":\"https:\/\/ukraine.hia.hu\/hu\/segitseg-beregszasz\/#primaryimage\",\"url\":\"https:\/\/ukraine.hia.hu\/wp-content\/uploads\/tinywow_IMG_2046_7810116-scaled.jpg\",\"contentUrl\":\"https:\/\/ukraine.hia.hu\/wp-content\/uploads\/tinywow_IMG_2046_7810116-scaled.jpg\",\"width\":2560,\"height\":1920},{\"@type\":\"BreadcrumbList\",\"@id\":\"https:\/\/ukraine.hia.hu\/hu\/segitseg-beregszasz\/#breadcrumb\",\"itemListElement\":[{\"@type\":\"ListItem\",\"position\":1,\"name\":\"Kezd\u0151lap\",\"item\":\"https:\/\/ukraine.hia.hu\/hu\/\"},{\"@type\":\"ListItem\",\"position\":2,\"name\":\"Beregsz\u00e1sz &#8211; az \u00d6kumenikus Seg\u00e9lyszervezet Ukrajnai Kirendelts\u00e9ge\u200b\"}]},{\"@type\":\"WebSite\",\"@id\":\"https:\/\/ukraine.hia.hu\/hu\/#website\",\"url\":\"https:\/\/ukraine.hia.hu\/hu\/\",\"name\":\"Az \u00d6kumenikus Seg\u00e9lyszervezet Ukrajn\u00e1ban\",\"description\":\"Az \u00d6kumenikus Seg\u00e9lyszervezet Ukrajn\u00e1ban\",\"publisher\":{\"@id\":\"https:\/\/ukraine.hia.hu\/hu\/#organization\"},\"potentialAction\":[{\"@type\":\"SearchAction\",\"target\":{\"@type\":\"EntryPoint\",\"urlTemplate\":\"https:\/\/ukraine.hia.hu\/hu\/?s={search_term_string}\"},\"query-input\":\"required name=search_term_string\"}],\"inLanguage\":\"hu\"},{\"@type\":\"Organization\",\"@id\":\"https:\/\/ukraine.hia.hu\/hu\/#organization\",\"name\":\"HIA Hungary\",\"url\":\"https:\/\/ukraine.hia.hu\/hu\/\",\"logo\":{\"@type\":\"ImageObject\",\"inLanguage\":\"hu\",\"@id\":\"https:\/\/ukraine.hia.hu\/hu\/#\/schema\/logo\/image\/\",\"url\":\"https:\/\/ukraine.hia.hu\/wp-content\/uploads\/footer_logo.png\",\"contentUrl\":\"https:\/\/ukraine.hia.hu\/wp-content\/uploads\/footer_logo.png\",\"width\":350,\"height\":427,\"caption\":\"HIA Hungary\"},\"image\":{\"@id\":\"https:\/\/ukraine.hia.hu\/hu\/#\/schema\/logo\/image\/\"}}]}<\/script>\n<!-- \/ Yoast SEO plugin. -->","yoast_head_json":{"title":"Beregsz\u00e1sz - az \u00d6kumenikus Seg\u00e9lyszervezet Ukrajnai Kirendelts\u00e9ge\u200b | Az \u00d6kumenikus Seg\u00e9lyszervezet Ukrajn\u00e1ban","robots":{"index":"index","follow":"follow","max-snippet":"max-snippet:-1","max-image-preview":"max-image-preview:large","max-video-preview":"max-video-preview:-1"},"canonical":"https:\/\/ukraine.hia.hu\/hu\/segitseg-beregszasz\/","og_locale":"hu_HU","og_type":"article","og_title":"Beregsz\u00e1sz - az \u00d6kumenikus Seg\u00e9lyszervezet Ukrajnai Kirendelts\u00e9ge\u200b | Az \u00d6kumenikus Seg\u00e9lyszervezet Ukrajn\u00e1ban","og_description":"Beregsz\u00e1sz &#8211; az \u00d6kumenikus Seg\u00e9lyszervezet Ukrajnai Kirendelts\u00e9ge\u200b Beregsz\u00e1szi irod\u00e1nk els\u0151sorban a k\u00e1rp\u00e1taljai bels\u0151 menek\u00fcltek ell\u00e1t\u00e1s\u00e1ban v\u00e1llal szerepet. Munkat\u00e1rsaink az al\u00e1bbi k\u00e9rd\u00e9sk\u00f6r\u00f6kben tudnak seg\u00edteni: jogi- \u00e9s szoci\u00e1lis tan\u00e1csad\u00e1s, term\u00e9szetbeni adom\u00e1nyok (\u00e9lelmiszer, tiszt\u00edt\u00f3szer, ruhanem\u0171) a menek\u00fcltsz\u00e1ll\u00f3kon \u00e9l\u0151 bels\u0151 menek\u00fcltek r\u00e9sz\u00e9re, Beregsz\u00e1szon \u00e9s a beregsz\u00e1szi kist\u00e9rs\u00e9gben gyermekfejleszt\u0151 foglalkoz\u00e1sok szervez\u00e9se, t\u0171zifa t\u00e1mogat\u00e1s K\u00e1rp\u00e1talja megy\u00e9ben Kapcsolat: eva.gerevics@hia.hu","og_url":"https:\/\/ukraine.hia.hu\/hu\/segitseg-beregszasz\/","og_site_name":"Az \u00d6kumenikus Seg\u00e9lyszervezet Ukrajn\u00e1ban","article_modified_time":"2022-12-05T14:31:04+00:00","og_image":[{"url":"https:\/\/ukraine.hia.hu\/wp-content\/uploads\/tinywow_IMG_2046_7810116-1024x768.jpg"}],"twitter_card":"summary_large_image","twitter_misc":{"Becs\u00fclt olvas\u00e1si id\u0151":"1 perc"},"schema":{"@context":"https:\/\/schema.org","@graph":[{"@type":"WebPage","@id":"https:\/\/ukraine.hia.hu\/hu\/segitseg-beregszasz\/","url":"https:\/\/ukraine.hia.hu\/hu\/segitseg-beregszasz\/","name":"Beregsz\u00e1sz - az \u00d6kumenikus Seg\u00e9lyszervezet Ukrajnai Kirendelts\u00e9ge\u200b | Az \u00d6kumenikus Seg\u00e9lyszervezet Ukrajn\u00e1ban","isPartOf":{"@id":"https:\/\/ukraine.hia.hu\/hu\/#website"},"primaryImageOfPage":{"@id":"https:\/\/ukraine.hia.hu\/hu\/segitseg-beregszasz\/#primaryimage"},"image":{"@id":"https:\/\/ukraine.hia.hu\/hu\/segitseg-beregszasz\/#primaryimage"},"thumbnailUrl":"https:\/\/ukraine.hia.hu\/wp-content\/uploads\/tinywow_IMG_2046_7810116-1024x768.jpg","datePublished":"2022-11-14T16:17:33+00:00","dateModified":"2022-12-05T14:31:04+00:00","breadcrumb":{"@id":"https:\/\/ukraine.hia.hu\/hu\/segitseg-beregszasz\/#breadcrumb"},"inLanguage":"hu","potentialAction":[{"@type":"ReadAction","target":["https:\/\/ukraine.hia.hu\/hu\/segitseg-beregszasz\/"]}]},{"@type":"ImageObject","inLanguage":"hu","@id":"https:\/\/ukraine.hia.hu\/hu\/segitseg-beregszasz\/#primaryimage","url":"https:\/\/ukraine.hia.hu\/wp-content\/uploads\/tinywow_IMG_2046_7810116-scaled.jpg","contentUrl":"https:\/\/ukraine.hia.hu\/wp-content\/uploads\/tinywow_IMG_2046_7810116-scaled.jpg","width":2560,"height":1920},{"@type":"BreadcrumbList","@id":"https:\/\/ukraine.hia.hu\/hu\/segitseg-beregszasz\/#breadcrumb","itemListElement":[{"@type":"ListItem","position":1,"name":"Kezd\u0151lap","item":"https:\/\/ukraine.hia.hu\/hu\/"},{"@type":"ListItem","position":2,"name":"Beregsz\u00e1sz &#8211; az \u00d6kumenikus Seg\u00e9lyszervezet Ukrajnai Kirendelts\u00e9ge\u200b"}]},{"@type":"WebSite","@id":"https:\/\/ukraine.hia.hu\/hu\/#website","url":"https:\/\/ukraine.hia.hu\/hu\/","name":"Az \u00d6kumenikus Seg\u00e9lyszervezet Ukrajn\u00e1ban","description":"Az \u00d6kumenikus Seg\u00e9lyszervezet Ukrajn\u00e1ban","publisher":{"@id":"https:\/\/ukraine.hia.hu\/hu\/#organization"},"potentialAction":[{"@type":"SearchAction","target":{"@type":"EntryPoint","urlTemplate":"https:\/\/ukraine.hia.hu\/hu\/?s={search_term_string}"},"query-input":"required name=search_term_string"}],"inLanguage":"hu"},{"@type":"Organization","@id":"https:\/\/ukraine.hia.hu\/hu\/#organization","name":"HIA Hungary","url":"https:\/\/ukraine.hia.hu\/hu\/","logo":{"@type":"ImageObject","inLanguage":"hu","@id":"https:\/\/ukraine.hia.hu\/hu\/#\/schema\/logo\/image\/","url":"https:\/\/ukraine.hia.hu\/wp-content\/uploads\/footer_logo.png","contentUrl":"https:\/\/ukraine.hia.hu\/wp-content\/uploads\/footer_logo.png","width":350,"height":427,"caption":"HIA Hungary"},"image":{"@id":"https:\/\/ukraine.hia.hu\/hu\/#\/schema\/logo\/image\/"}}]}},"_links":{"self":[{"href":"https:\/\/ukraine.hia.hu\/hu\/wp-json\/wp\/v2\/pages\/5364"}],"collection":[{"href":"https:\/\/ukraine.hia.hu\/hu\/wp-json\/wp\/v2\/pages"}],"about":[{"href":"https:\/\/ukraine.hia.hu\/hu\/wp-json\/wp\/v2\/types\/page"}],"author":[{"embeddable":true,"href":"https:\/\/ukraine.hia.hu\/hu\/wp-json\/wp\/v2\/users\/1"}],"replies":[{"embeddable":true,"href":"https:\/\/ukraine.hia.hu\/hu\/wp-json\/wp\/v2\/comments?post=5364"}],"version-history":[{"count":23,"href":"https:\/\/ukraine.hia.hu\/hu\/wp-json\/wp\/v2\/pages\/5364\/revisions"}],"predecessor-version":[{"id":5789,"href":"https:\/\/ukraine.hia.hu\/hu\/wp-json\/wp\/v2\/pages\/5364\/revisions\/5789"}],"wp:attachment":[{"href":"https:\/\/ukraine.hia.hu\/hu\/wp-json\/wp\/v2\/media?parent=5364"}],"curies":[{"name":"wp","href":"https:\/\/api.w.org\/{rel}","templated":true}]}}