{"id":5421,"date":"2022-11-15T10:49:00","date_gmt":"2022-11-15T08:49:00","guid":{"rendered":"https:\/\/ukraine.hia.hu\/?page_id=5421"},"modified":"2024-03-01T13:00:56","modified_gmt":"2024-03-01T11:00:56","slug":"segitseg-lemberg-kijev","status":"publish","type":"page","link":"https:\/\/ukraine.hia.hu\/hu\/segitseg-lemberg-kijev\/","title":{"rendered":"Lemberg &#038; Kijev &#8211; region\u00e1lis iroda"},"content":{"rendered":"\t\t<div data-elementor-type=\"wp-page\" data-elementor-id=\"5421\" class=\"elementor elementor-5421\">\n\t\t\t\t\t\t<section class=\"elementor-section elementor-top-section elementor-element elementor-element-0633cd4 elementor-section-boxed elementor-section-height-default elementor-section-height-default\" data-id=\"0633cd4\" data-element_type=\"section\">\n\t\t\t\t\t\t<div class=\"elementor-container elementor-column-gap-default\">\n\t\t\t\t\t<div class=\"elementor-column elementor-col-100 elementor-top-column elementor-element elementor-element-9d4da85\" data-id=\"9d4da85\" data-element_type=\"column\">\n\t\t\t<div class=\"elementor-widget-wrap elementor-element-populated\">\n\t\t\t\t\t\t<div class=\"elementor-element elementor-element-b3912c2 elementor-widget elementor-widget-heading\" data-id=\"b3912c2\" data-element_type=\"widget\" data-widget_type=\"heading.default\">\n\t\t\t\t<div class=\"elementor-widget-container\">\n\t\t\t<style>\/*! elementor - v3.20.0 - 13-03-2024 *\/\n.elementor-heading-title{padding:0;margin:0;line-height:1}.elementor-widget-heading .elementor-heading-title[class*=elementor-size-]>a{color:inherit;font-size:inherit;line-height:inherit}.elementor-widget-heading .elementor-heading-title.elementor-size-small{font-size:15px}.elementor-widget-heading .elementor-heading-title.elementor-size-medium{font-size:19px}.elementor-widget-heading .elementor-heading-title.elementor-size-large{font-size:29px}.elementor-widget-heading .elementor-heading-title.elementor-size-xl{font-size:39px}.elementor-widget-heading .elementor-heading-title.elementor-size-xxl{font-size:59px}<\/style><h2 class=\"elementor-heading-title elementor-size-default\">Lemberg, Kijev - region\u00e1lis iroda<\/h2>\t\t<\/div>\n\t\t\t\t<\/div>\n\t\t\t\t\t<\/div>\n\t\t<\/div>\n\t\t\t\t\t<\/div>\n\t\t<\/section>\n\t\t\t\t<section class=\"elementor-section elementor-top-section elementor-element elementor-element-2cc3bd1 elementor-section-boxed elementor-section-height-default elementor-section-height-default\" data-id=\"2cc3bd1\" data-element_type=\"section\">\n\t\t\t\t\t\t<div class=\"elementor-container elementor-column-gap-default\">\n\t\t\t\t\t<div class=\"elementor-column elementor-col-100 elementor-top-column elementor-element elementor-element-58201d3\" data-id=\"58201d3\" data-element_type=\"column\">\n\t\t\t<div class=\"elementor-widget-wrap elementor-element-populated\">\n\t\t\t\t\t\t<section class=\"elementor-section elementor-inner-section elementor-element elementor-element-b8feaa0 elementor-section-boxed elementor-section-height-default elementor-section-height-default\" data-id=\"b8feaa0\" data-element_type=\"section\">\n\t\t\t\t\t\t<div class=\"elementor-container elementor-column-gap-default\">\n\t\t\t\t\t<div class=\"elementor-column elementor-col-50 elementor-inner-column elementor-element elementor-element-b2ecedd\" data-id=\"b2ecedd\" data-element_type=\"column\">\n\t\t\t<div class=\"elementor-widget-wrap elementor-element-populated\">\n\t\t\t\t\t\t<div class=\"elementor-element elementor-element-a0be2d4 elementor-widget elementor-widget-text-editor\" data-id=\"a0be2d4\" data-element_type=\"widget\" data-widget_type=\"text-editor.default\">\n\t\t\t\t<div class=\"elementor-widget-container\">\n\t\t\t<style>\/*! elementor - v3.20.0 - 13-03-2024 *\/\n.elementor-widget-text-editor.elementor-drop-cap-view-stacked .elementor-drop-cap{background-color:#69727d;color:#fff}.elementor-widget-text-editor.elementor-drop-cap-view-framed .elementor-drop-cap{color:#69727d;border:3px solid;background-color:transparent}.elementor-widget-text-editor:not(.elementor-drop-cap-view-default) .elementor-drop-cap{margin-top:8px}.elementor-widget-text-editor:not(.elementor-drop-cap-view-default) .elementor-drop-cap-letter{width:1em;height:1em}.elementor-widget-text-editor .elementor-drop-cap{float:left;text-align:center;line-height:1;font-size:50px}.elementor-widget-text-editor .elementor-drop-cap-letter{display:inline-block}<\/style>\t\t\t\t<p><strong style=\"color: var( --e-global-color-text ); font-family: var( --e-global-typography-text-font-family ), Sans-serif; font-size: var( --e-global-typography-text-font-size ); background-color: transparent;\">Egyes\u00fcletek, gy\u00fclekezetek \u00e9s NGO-k sz\u00e1m\u00e1ra:<\/strong><\/p><p><span style=\"color: var( --e-global-color-text ); font-family: var( --e-global-typography-text-font-family ), Sans-serif; font-size: var( --e-global-typography-text-font-size ); font-weight: var( --e-global-typography-text-font-weight ); background-color: transparent;\">Rugalmas felhaszn\u00e1l\u00e1s\u00fa t\u00e1mogat\u00e1sok (Flexible Small Grants \/ FSG)<\/span><\/p><ul><li>el\u0151re megk\u00fcld\u00f6tt felhaszn\u00e1l\u00e1si tervvel.<\/li><li>menek\u00fclteket t\u00e1mogat\u00f3 NGO-k r\u00e9sz\u00e9re.<\/li><li>Ukrajna minden megy\u00e9j\u00e9b\u0151l (kiv\u00e9ve megsz\u00e1llt ter\u00fcletek) jelentkezhetnek a t\u00e1mogat\u00e1sra szorul\u00f3 NGO-ok.<\/li><li>szerz\u0151d\u00e9sk\u00f6t\u00e9ssel a t\u00e1mogat\u00e1s maxim\u00e1lis \u00f6sszege 10 000 doll\u00e1r<\/li><\/ul><p><strong>Kapcsolatfelv\u00e9tel \u00e9s b\u0151vebb inform\u00e1ci\u00f3: <\/strong><a href=\"mailto:illia.prosol@hia.hu\"><strong>illia.prosol@hia.hu<\/strong><\/a><\/p><p style=\"margin-bottom: var(--global-md-spacing);\"><strong>Menek\u00fclteket befogad\u00f3 int\u00e9zm\u00e9nyek vezet\u0151i, gy\u00fclekezetek, amelyek menek\u00fclteket t\u00e1mogatnak, az al\u00e1bbi el\u00e9rhet\u0151s\u00e9gen kereszt\u00fcl k\u00e9rhetnek t\u00e1mogat\u00e1st:<\/strong><\/p><p><strong>e-mail:\u00a0<\/strong><a href=\"mailto:sashko.lutsyk@hia.hu\"><strong>sashko.lutsyk@hia.hu<\/strong><\/a><\/p>\t\t\t\t\t\t<\/div>\n\t\t\t\t<\/div>\n\t\t\t\t\t<\/div>\n\t\t<\/div>\n\t\t\t\t<div class=\"elementor-column elementor-col-50 elementor-inner-column elementor-element elementor-element-e7f3d36\" data-id=\"e7f3d36\" data-element_type=\"column\">\n\t\t\t<div class=\"elementor-widget-wrap elementor-element-populated\">\n\t\t\t\t\t\t<div class=\"elementor-element elementor-element-b7d3725 elementor-widget elementor-widget-image\" data-id=\"b7d3725\" data-element_type=\"widget\" data-widget_type=\"image.default\">\n\t\t\t\t<div class=\"elementor-widget-container\">\n\t\t\t<style>\/*! elementor - v3.20.0 - 13-03-2024 *\/\n.elementor-widget-image{text-align:center}.elementor-widget-image a{display:inline-block}.elementor-widget-image a img[src$=\".svg\"]{width:48px}.elementor-widget-image img{vertical-align:middle;display:inline-block}<\/style>\t\t\t\t\t\t\t\t\t\t<img fetchpriority=\"high\" decoding=\"async\" width=\"1024\" height=\"682\" src=\"https:\/\/ukraine.hia.hu\/wp-content\/uploads\/275037572_481217123594461_8845306165865855114_n-1024x682.jpg\" class=\"attachment-large size-large wp-image-1528\" alt=\"\" srcset=\"https:\/\/ukraine.hia.hu\/wp-content\/uploads\/275037572_481217123594461_8845306165865855114_n-1024x682.jpg 1024w, https:\/\/ukraine.hia.hu\/wp-content\/uploads\/275037572_481217123594461_8845306165865855114_n-300x200.jpg 300w, https:\/\/ukraine.hia.hu\/wp-content\/uploads\/275037572_481217123594461_8845306165865855114_n-768x512.jpg 768w, https:\/\/ukraine.hia.hu\/wp-content\/uploads\/275037572_481217123594461_8845306165865855114_n-1536x1023.jpg 1536w, https:\/\/ukraine.hia.hu\/wp-content\/uploads\/275037572_481217123594461_8845306165865855114_n.jpg 1600w\" sizes=\"(max-width: 1024px) 100vw, 1024px\" \/>\t\t\t\t\t\t\t\t\t\t\t\t\t<\/div>\n\t\t\t\t<\/div>\n\t\t\t\t\t<\/div>\n\t\t<\/div>\n\t\t\t\t\t<\/div>\n\t\t<\/section>\n\t\t\t\t\t<\/div>\n\t\t<\/div>\n\t\t\t\t\t<\/div>\n\t\t<\/section>\n\t\t\t\t<section class=\"elementor-section elementor-top-section elementor-element elementor-element-68ac459 elementor-section-boxed elementor-section-height-default elementor-section-height-default\" data-id=\"68ac459\" data-element_type=\"section\">\n\t\t\t\t\t\t<div class=\"elementor-container elementor-column-gap-default\">\n\t\t\t\t\t<div class=\"elementor-column elementor-col-50 elementor-top-column elementor-element elementor-element-725eee2\" data-id=\"725eee2\" data-element_type=\"column\">\n\t\t\t<div class=\"elementor-widget-wrap elementor-element-populated\">\n\t\t\t\t\t\t<div class=\"elementor-element elementor-element-165c52a elementor-widget elementor-widget-image\" data-id=\"165c52a\" data-element_type=\"widget\" data-widget_type=\"image.default\">\n\t\t\t\t<div class=\"elementor-widget-container\">\n\t\t\t\t\t\t\t\t\t\t\t\t\t<img decoding=\"async\" width=\"1024\" height=\"682\" src=\"https:\/\/ukraine.hia.hu\/wp-content\/uploads\/DSC_7269-1024x682.jpg\" class=\"attachment-large size-large wp-image-4957\" alt=\"\" srcset=\"https:\/\/ukraine.hia.hu\/wp-content\/uploads\/DSC_7269-1024x682.jpg 1024w, https:\/\/ukraine.hia.hu\/wp-content\/uploads\/DSC_7269-300x200.jpg 300w, https:\/\/ukraine.hia.hu\/wp-content\/uploads\/DSC_7269-768x512.jpg 768w, https:\/\/ukraine.hia.hu\/wp-content\/uploads\/DSC_7269-1536x1023.jpg 1536w, https:\/\/ukraine.hia.hu\/wp-content\/uploads\/DSC_7269-2048x1364.jpg 2048w\" sizes=\"(max-width: 1024px) 100vw, 1024px\" \/>\t\t\t\t\t\t\t\t\t\t\t\t\t<\/div>\n\t\t\t\t<\/div>\n\t\t\t\t\t<\/div>\n\t\t<\/div>\n\t\t\t\t<div class=\"elementor-column elementor-col-50 elementor-top-column elementor-element elementor-element-3bbf993\" data-id=\"3bbf993\" data-element_type=\"column\">\n\t\t\t<div class=\"elementor-widget-wrap elementor-element-populated\">\n\t\t\t\t\t\t<div class=\"elementor-element elementor-element-4663961 elementor-widget elementor-widget-text-editor\" data-id=\"4663961\" data-element_type=\"widget\" data-widget_type=\"text-editor.default\">\n\t\t\t\t<div class=\"elementor-widget-container\">\n\t\t\t\t\t\t\t<p><strong>Panaszbejelent\u00e9s<\/strong><\/p>\n<p style=\"margin-bottom: var(--global-md-spacing);\"><span lang=\"HU\">Amennyiben visszajelz\u00e9st tenne a Seg\u00e9lyszervezet szolg\u00e1ltat\u00e1saival kapcsolatban, az al\u00e1bbi e-mail c\u00edmen teheti meg:&nbsp;<a href=\"mailto:complaint.ukr@hia.hu\">complaint.ukr@hia.hu<\/a><\/span><\/p><p style=\"margin-bottom: var(--global-md-spacing);\"><span lang=\"HU\">A visszajelz\u00e9s k\u00fcld\u0151j\u00e9t a be\u00e9rkez\u00e9st k\u00f6vet\u0151 24 \u00f3r\u00e1n bel\u00fcl \u00e9rtes\u00edtj\u00fck a visszajelz\u00e9s fogad\u00e1s\u00e1r\u00f3l \u00e9s a nyilv\u00e1ntart\u00e1sba v\u00e9telr\u0151l.<\/span><\/p><p><span style=\"color: var( --e-global-color-text ); font-family: var( --e-global-typography-text-font-family ), Sans-serif; font-size: var( --e-global-typography-text-font-size ); font-weight: var( --e-global-typography-text-font-weight ); background-color: transparent;\">Ha panasszal \u00e9lt a szolg\u00e1ltat\u00e1ssal kapcsolatban, a visszajelz\u00e9s be\u00e9rkez\u00e9s\u00e9t k\u00f6vet\u0151 15 napon bel\u00fcl \u00e9rtes\u00edtj\u00fck \u00d6nt a vizsg\u00e1lat eredm\u00e9ny\u00e9r\u0151l. Amennyiben ezzel nem \u00e9rt egyet, vagy tov\u00e1bbra is fenn\u00e1ll\u00f3 jogtalans\u00e1got vagy akad\u00e1lyoztat\u00e1st tapasztal, az int\u00e9zm\u00e9ny fenntart\u00f3j\u00e1hoz fordulhat az \u00e9rtes\u00edt\u00e9s k\u00e9zhezv\u00e9tel\u00e9t\u0151l sz\u00e1m\u00edtott 8 napon bel\u00fcl az al\u00e1bbi el\u00e9rhet\u0151s\u00e9gen:&nbsp;<\/span><a href=\"mailto:segelyszervezet@segelyszervezet.hu\" style=\"font-family: var( --e-global-typography-text-font-family ), Sans-serif; font-size: var( --e-global-typography-text-font-size ); font-weight: var( --e-global-typography-text-font-weight );\">segelyszervezet@segelyszervezet.hu<\/a><\/p>\t\t\t\t\t\t<\/div>\n\t\t\t\t<\/div>\n\t\t\t\t\t<\/div>\n\t\t<\/div>\n\t\t\t\t\t<\/div>\n\t\t<\/section>\n\t\t\t\t<\/div>\n\t\t","protected":false},"excerpt":{"rendered":"<p>Lemberg, Kijev &#8211; region\u00e1lis iroda Egyes\u00fcletek, gy\u00fclekezetek \u00e9s NGO-k sz\u00e1m\u00e1ra: Rugalmas felhaszn\u00e1l\u00e1s\u00fa t\u00e1mogat\u00e1sok (Flexible Small Grants \/ FSG) el\u0151re megk\u00fcld\u00f6tt felhaszn\u00e1l\u00e1si tervvel. menek\u00fclteket t\u00e1mogat\u00f3 NGO-k r\u00e9sz\u00e9re. Ukrajna minden megy\u00e9j\u00e9b\u0151l (kiv\u00e9ve megsz\u00e1llt ter\u00fcletek) jelentkezhetnek a t\u00e1mogat\u00e1sra szorul\u00f3 NGO-ok. szerz\u0151d\u00e9sk\u00f6t\u00e9ssel a t\u00e1mogat\u00e1s maxim\u00e1lis \u00f6sszege 10 000 doll\u00e1r Kapcsolatfelv\u00e9tel \u00e9s b\u0151vebb inform\u00e1ci\u00f3: illia.prosol@hia.hu Menek\u00fclteket befogad\u00f3 int\u00e9zm\u00e9nyek vezet\u0151i, gy\u00fclekezetek,&#8230;<\/p>\n","protected":false},"author":1,"featured_media":0,"parent":0,"menu_order":0,"comment_status":"closed","ping_status":"closed","template":"","meta":{"_acf_changed":false,"_kad_post_transparent":"default","_kad_post_title":"hide","_kad_post_layout":"fullwidth","_kad_post_sidebar_id":"","_kad_post_content_style":"unboxed","_kad_post_vertical_padding":"hide","_kad_post_feature":"hide","_kad_post_feature_position":"","_kad_post_header":false,"_kad_post_footer":false,"footnotes":"","_wp_rev_ctl_limit":""},"acf":[],"yoast_head":"<!-- This site is optimized with the Yoast SEO plugin v22.2 - https:\/\/yoast.com\/wordpress\/plugins\/seo\/ -->\n<title>Lemberg &amp; Kijev - region\u00e1lis iroda | Az \u00d6kumenikus Seg\u00e9lyszervezet Ukrajn\u00e1ban<\/title>\n<meta name=\"robots\" content=\"index, follow, max-snippet:-1, max-image-preview:large, max-video-preview:-1\" \/>\n<link rel=\"canonical\" href=\"https:\/\/ukraine.hia.hu\/hu\/segitseg-lemberg-kijev\/\" \/>\n<meta property=\"og:locale\" content=\"hu_HU\" \/>\n<meta property=\"og:type\" content=\"article\" \/>\n<meta property=\"og:title\" content=\"Lemberg &amp; Kijev - region\u00e1lis iroda | Az \u00d6kumenikus Seg\u00e9lyszervezet Ukrajn\u00e1ban\" \/>\n<meta property=\"og:description\" content=\"Lemberg, Kijev &#8211; region\u00e1lis iroda Egyes\u00fcletek, gy\u00fclekezetek \u00e9s NGO-k sz\u00e1m\u00e1ra: Rugalmas felhaszn\u00e1l\u00e1s\u00fa t\u00e1mogat\u00e1sok (Flexible Small Grants \/ FSG) el\u0151re megk\u00fcld\u00f6tt felhaszn\u00e1l\u00e1si tervvel. menek\u00fclteket t\u00e1mogat\u00f3 NGO-k r\u00e9sz\u00e9re. Ukrajna minden megy\u00e9j\u00e9b\u0151l (kiv\u00e9ve megsz\u00e1llt ter\u00fcletek) jelentkezhetnek a t\u00e1mogat\u00e1sra szorul\u00f3 NGO-ok. szerz\u0151d\u00e9sk\u00f6t\u00e9ssel a t\u00e1mogat\u00e1s maxim\u00e1lis \u00f6sszege 10 000 doll\u00e1r Kapcsolatfelv\u00e9tel \u00e9s b\u0151vebb inform\u00e1ci\u00f3: illia.prosol@hia.hu Menek\u00fclteket befogad\u00f3 int\u00e9zm\u00e9nyek vezet\u0151i, gy\u00fclekezetek,...\" \/>\n<meta property=\"og:url\" content=\"https:\/\/ukraine.hia.hu\/hu\/segitseg-lemberg-kijev\/\" \/>\n<meta property=\"og:site_name\" content=\"Az \u00d6kumenikus Seg\u00e9lyszervezet Ukrajn\u00e1ban\" \/>\n<meta property=\"article:modified_time\" content=\"2024-03-01T11:00:56+00:00\" \/>\n<meta property=\"og:image\" content=\"https:\/\/ukraine.hia.hu\/wp-content\/uploads\/275037572_481217123594461_8845306165865855114_n-1024x682.jpg\" \/>\n<meta name=\"twitter:card\" content=\"summary_large_image\" \/>\n<meta name=\"twitter:label1\" content=\"Becs\u00fclt olvas\u00e1si id\u0151\" \/>\n\t<meta name=\"twitter:data1\" content=\"2 perc\" \/>\n<script type=\"application\/ld+json\" class=\"yoast-schema-graph\">{\"@context\":\"https:\/\/schema.org\",\"@graph\":[{\"@type\":\"WebPage\",\"@id\":\"https:\/\/ukraine.hia.hu\/hu\/segitseg-lemberg-kijev\/\",\"url\":\"https:\/\/ukraine.hia.hu\/hu\/segitseg-lemberg-kijev\/\",\"name\":\"Lemberg & Kijev - region\u00e1lis iroda | Az \u00d6kumenikus Seg\u00e9lyszervezet Ukrajn\u00e1ban\",\"isPartOf\":{\"@id\":\"https:\/\/ukraine.hia.hu\/hu\/#website\"},\"primaryImageOfPage\":{\"@id\":\"https:\/\/ukraine.hia.hu\/hu\/segitseg-lemberg-kijev\/#primaryimage\"},\"image\":{\"@id\":\"https:\/\/ukraine.hia.hu\/hu\/segitseg-lemberg-kijev\/#primaryimage\"},\"thumbnailUrl\":\"https:\/\/ukraine.hia.hu\/wp-content\/uploads\/275037572_481217123594461_8845306165865855114_n-1024x682.jpg\",\"datePublished\":\"2022-11-15T08:49:00+00:00\",\"dateModified\":\"2024-03-01T11:00:56+00:00\",\"breadcrumb\":{\"@id\":\"https:\/\/ukraine.hia.hu\/hu\/segitseg-lemberg-kijev\/#breadcrumb\"},\"inLanguage\":\"hu\",\"potentialAction\":[{\"@type\":\"ReadAction\",\"target\":[\"https:\/\/ukraine.hia.hu\/hu\/segitseg-lemberg-kijev\/\"]}]},{\"@type\":\"ImageObject\",\"inLanguage\":\"hu\",\"@id\":\"https:\/\/ukraine.hia.hu\/hu\/segitseg-lemberg-kijev\/#primaryimage\",\"url\":\"https:\/\/ukraine.hia.hu\/wp-content\/uploads\/275037572_481217123594461_8845306165865855114_n.jpg\",\"contentUrl\":\"https:\/\/ukraine.hia.hu\/wp-content\/uploads\/275037572_481217123594461_8845306165865855114_n.jpg\",\"width\":1600,\"height\":1066},{\"@type\":\"BreadcrumbList\",\"@id\":\"https:\/\/ukraine.hia.hu\/hu\/segitseg-lemberg-kijev\/#breadcrumb\",\"itemListElement\":[{\"@type\":\"ListItem\",\"position\":1,\"name\":\"Kezd\u0151lap\",\"item\":\"https:\/\/ukraine.hia.hu\/hu\/\"},{\"@type\":\"ListItem\",\"position\":2,\"name\":\"Lemberg &#038; Kijev &#8211; region\u00e1lis iroda\"}]},{\"@type\":\"WebSite\",\"@id\":\"https:\/\/ukraine.hia.hu\/hu\/#website\",\"url\":\"https:\/\/ukraine.hia.hu\/hu\/\",\"name\":\"Az \u00d6kumenikus Seg\u00e9lyszervezet Ukrajn\u00e1ban\",\"description\":\"Az \u00d6kumenikus Seg\u00e9lyszervezet Ukrajn\u00e1ban\",\"publisher\":{\"@id\":\"https:\/\/ukraine.hia.hu\/hu\/#organization\"},\"potentialAction\":[{\"@type\":\"SearchAction\",\"target\":{\"@type\":\"EntryPoint\",\"urlTemplate\":\"https:\/\/ukraine.hia.hu\/hu\/?s={search_term_string}\"},\"query-input\":\"required name=search_term_string\"}],\"inLanguage\":\"hu\"},{\"@type\":\"Organization\",\"@id\":\"https:\/\/ukraine.hia.hu\/hu\/#organization\",\"name\":\"HIA Hungary\",\"url\":\"https:\/\/ukraine.hia.hu\/hu\/\",\"logo\":{\"@type\":\"ImageObject\",\"inLanguage\":\"hu\",\"@id\":\"https:\/\/ukraine.hia.hu\/hu\/#\/schema\/logo\/image\/\",\"url\":\"https:\/\/ukraine.hia.hu\/wp-content\/uploads\/footer_logo.png\",\"contentUrl\":\"https:\/\/ukraine.hia.hu\/wp-content\/uploads\/footer_logo.png\",\"width\":350,\"height\":427,\"caption\":\"HIA Hungary\"},\"image\":{\"@id\":\"https:\/\/ukraine.hia.hu\/hu\/#\/schema\/logo\/image\/\"}}]}<\/script>\n<!-- \/ Yoast SEO plugin. -->","yoast_head_json":{"title":"Lemberg & Kijev - region\u00e1lis iroda | Az \u00d6kumenikus Seg\u00e9lyszervezet Ukrajn\u00e1ban","robots":{"index":"index","follow":"follow","max-snippet":"max-snippet:-1","max-image-preview":"max-image-preview:large","max-video-preview":"max-video-preview:-1"},"canonical":"https:\/\/ukraine.hia.hu\/hu\/segitseg-lemberg-kijev\/","og_locale":"hu_HU","og_type":"article","og_title":"Lemberg & Kijev - region\u00e1lis iroda | Az \u00d6kumenikus Seg\u00e9lyszervezet Ukrajn\u00e1ban","og_description":"Lemberg, Kijev &#8211; region\u00e1lis iroda Egyes\u00fcletek, gy\u00fclekezetek \u00e9s NGO-k sz\u00e1m\u00e1ra: Rugalmas felhaszn\u00e1l\u00e1s\u00fa t\u00e1mogat\u00e1sok (Flexible Small Grants \/ FSG) el\u0151re megk\u00fcld\u00f6tt felhaszn\u00e1l\u00e1si tervvel. menek\u00fclteket t\u00e1mogat\u00f3 NGO-k r\u00e9sz\u00e9re. Ukrajna minden megy\u00e9j\u00e9b\u0151l (kiv\u00e9ve megsz\u00e1llt ter\u00fcletek) jelentkezhetnek a t\u00e1mogat\u00e1sra szorul\u00f3 NGO-ok. szerz\u0151d\u00e9sk\u00f6t\u00e9ssel a t\u00e1mogat\u00e1s maxim\u00e1lis \u00f6sszege 10 000 doll\u00e1r Kapcsolatfelv\u00e9tel \u00e9s b\u0151vebb inform\u00e1ci\u00f3: illia.prosol@hia.hu Menek\u00fclteket befogad\u00f3 int\u00e9zm\u00e9nyek vezet\u0151i, gy\u00fclekezetek,...","og_url":"https:\/\/ukraine.hia.hu\/hu\/segitseg-lemberg-kijev\/","og_site_name":"Az \u00d6kumenikus Seg\u00e9lyszervezet Ukrajn\u00e1ban","article_modified_time":"2024-03-01T11:00:56+00:00","og_image":[{"url":"https:\/\/ukraine.hia.hu\/wp-content\/uploads\/275037572_481217123594461_8845306165865855114_n-1024x682.jpg"}],"twitter_card":"summary_large_image","twitter_misc":{"Becs\u00fclt olvas\u00e1si id\u0151":"2 perc"},"schema":{"@context":"https:\/\/schema.org","@graph":[{"@type":"WebPage","@id":"https:\/\/ukraine.hia.hu\/hu\/segitseg-lemberg-kijev\/","url":"https:\/\/ukraine.hia.hu\/hu\/segitseg-lemberg-kijev\/","name":"Lemberg & Kijev - region\u00e1lis iroda | Az \u00d6kumenikus Seg\u00e9lyszervezet Ukrajn\u00e1ban","isPartOf":{"@id":"https:\/\/ukraine.hia.hu\/hu\/#website"},"primaryImageOfPage":{"@id":"https:\/\/ukraine.hia.hu\/hu\/segitseg-lemberg-kijev\/#primaryimage"},"image":{"@id":"https:\/\/ukraine.hia.hu\/hu\/segitseg-lemberg-kijev\/#primaryimage"},"thumbnailUrl":"https:\/\/ukraine.hia.hu\/wp-content\/uploads\/275037572_481217123594461_8845306165865855114_n-1024x682.jpg","datePublished":"2022-11-15T08:49:00+00:00","dateModified":"2024-03-01T11:00:56+00:00","breadcrumb":{"@id":"https:\/\/ukraine.hia.hu\/hu\/segitseg-lemberg-kijev\/#breadcrumb"},"inLanguage":"hu","potentialAction":[{"@type":"ReadAction","target":["https:\/\/ukraine.hia.hu\/hu\/segitseg-lemberg-kijev\/"]}]},{"@type":"ImageObject","inLanguage":"hu","@id":"https:\/\/ukraine.hia.hu\/hu\/segitseg-lemberg-kijev\/#primaryimage","url":"https:\/\/ukraine.hia.hu\/wp-content\/uploads\/275037572_481217123594461_8845306165865855114_n.jpg","contentUrl":"https:\/\/ukraine.hia.hu\/wp-content\/uploads\/275037572_481217123594461_8845306165865855114_n.jpg","width":1600,"height":1066},{"@type":"BreadcrumbList","@id":"https:\/\/ukraine.hia.hu\/hu\/segitseg-lemberg-kijev\/#breadcrumb","itemListElement":[{"@type":"ListItem","position":1,"name":"Kezd\u0151lap","item":"https:\/\/ukraine.hia.hu\/hu\/"},{"@type":"ListItem","position":2,"name":"Lemberg &#038; Kijev &#8211; region\u00e1lis iroda"}]},{"@type":"WebSite","@id":"https:\/\/ukraine.hia.hu\/hu\/#website","url":"https:\/\/ukraine.hia.hu\/hu\/","name":"Az \u00d6kumenikus Seg\u00e9lyszervezet Ukrajn\u00e1ban","description":"Az \u00d6kumenikus Seg\u00e9lyszervezet Ukrajn\u00e1ban","publisher":{"@id":"https:\/\/ukraine.hia.hu\/hu\/#organization"},"potentialAction":[{"@type":"SearchAction","target":{"@type":"EntryPoint","urlTemplate":"https:\/\/ukraine.hia.hu\/hu\/?s={search_term_string}"},"query-input":"required name=search_term_string"}],"inLanguage":"hu"},{"@type":"Organization","@id":"https:\/\/ukraine.hia.hu\/hu\/#organization","name":"HIA Hungary","url":"https:\/\/ukraine.hia.hu\/hu\/","logo":{"@type":"ImageObject","inLanguage":"hu","@id":"https:\/\/ukraine.hia.hu\/hu\/#\/schema\/logo\/image\/","url":"https:\/\/ukraine.hia.hu\/wp-content\/uploads\/footer_logo.png","contentUrl":"https:\/\/ukraine.hia.hu\/wp-content\/uploads\/footer_logo.png","width":350,"height":427,"caption":"HIA Hungary"},"image":{"@id":"https:\/\/ukraine.hia.hu\/hu\/#\/schema\/logo\/image\/"}}]}},"_links":{"self":[{"href":"https:\/\/ukraine.hia.hu\/hu\/wp-json\/wp\/v2\/pages\/5421"}],"collection":[{"href":"https:\/\/ukraine.hia.hu\/hu\/wp-json\/wp\/v2\/pages"}],"about":[{"href":"https:\/\/ukraine.hia.hu\/hu\/wp-json\/wp\/v2\/types\/page"}],"author":[{"embeddable":true,"href":"https:\/\/ukraine.hia.hu\/hu\/wp-json\/wp\/v2\/users\/1"}],"replies":[{"embeddable":true,"href":"https:\/\/ukraine.hia.hu\/hu\/wp-json\/wp\/v2\/comments?post=5421"}],"version-history":[{"count":33,"href":"https:\/\/ukraine.hia.hu\/hu\/wp-json\/wp\/v2\/pages\/5421\/revisions"}],"predecessor-version":[{"id":9202,"href":"https:\/\/ukraine.hia.hu\/hu\/wp-json\/wp\/v2\/pages\/5421\/revisions\/9202"}],"wp:attachment":[{"href":"https:\/\/ukraine.hia.hu\/hu\/wp-json\/wp\/v2\/media?parent=5421"}],"curies":[{"name":"wp","href":"https:\/\/api.w.org\/{rel}","templated":true}]}}